{"id":608,"date":"2014-05-30T12:07:17","date_gmt":"2014-05-30T12:07:17","guid":{"rendered":""},"modified":"2025-05-23T14:31:07","modified_gmt":"2025-05-23T12:31:07","slug":"reservations","status":"publish","type":"page","link":"https:\/\/alphabetinformatique-test.ovh\/index.php\/reservations\/","title":{"rendered":"Reservations"},"content":{"rendered":"<p><img loading=\"lazy\" decoding=\"async\" class=\" wp-image-767 aligncenter\" src=\"https:\/\/alphabetinformatique-test.ovh\/wp-content\/uploads\/2025\/05\/alena-plotnikova-mAHzkCjWc20-unsplash-1-200x300.jpg\" alt=\"\" width=\"260\" height=\"390\" srcset=\"https:\/\/alphabetinformatique-test.ovh\/wp-content\/uploads\/2025\/05\/alena-plotnikova-mAHzkCjWc20-unsplash-1-200x300.jpg 200w, https:\/\/alphabetinformatique-test.ovh\/wp-content\/uploads\/2025\/05\/alena-plotnikova-mAHzkCjWc20-unsplash-1-683x1024.jpg 683w, https:\/\/alphabetinformatique-test.ovh\/wp-content\/uploads\/2025\/05\/alena-plotnikova-mAHzkCjWc20-unsplash-1-768x1152.jpg 768w, https:\/\/alphabetinformatique-test.ovh\/wp-content\/uploads\/2025\/05\/alena-plotnikova-mAHzkCjWc20-unsplash-1-1024x1536.jpg 1024w, https:\/\/alphabetinformatique-test.ovh\/wp-content\/uploads\/2025\/05\/alena-plotnikova-mAHzkCjWc20-unsplash-1-1365x2048.jpg 1365w, https:\/\/alphabetinformatique-test.ovh\/wp-content\/uploads\/2025\/05\/alena-plotnikova-mAHzkCjWc20-unsplash-1-2048x3072.jpg 2048w, https:\/\/alphabetinformatique-test.ovh\/wp-content\/uploads\/2025\/05\/alena-plotnikova-mAHzkCjWc20-unsplash-1-1200x1800.jpg 1200w, https:\/\/alphabetinformatique-test.ovh\/wp-content\/uploads\/2025\/05\/alena-plotnikova-mAHzkCjWc20-unsplash-1-900x1350.jpg 900w, https:\/\/alphabetinformatique-test.ovh\/wp-content\/uploads\/2025\/05\/alena-plotnikova-mAHzkCjWc20-unsplash-1-400x600.jpg 400w, https:\/\/alphabetinformatique-test.ovh\/wp-content\/uploads\/2025\/05\/alena-plotnikova-mAHzkCjWc20-unsplash-1-scaled.jpg 1707w\" sizes=\"auto, (max-width: 260px) 100vw, 260px\" \/><\/p>\n<p>&nbsp;<\/p>\n<p>&nbsp;<\/p>\n\t<div class=\"pixcode  pixcode--grid  grid\" >\n\t\t\t<div class=\"grid__item six-twelfths palm-one-whole\" >\n\t\t\n<h3>R\u00e9rserver par t\u00e9l\u00e9phone<\/h3>\n<p>Vous pouvez prendre votre r\u00e9servation par t\u00e9l\u00e9phone au <strong>06 12 34 56 78<\/strong> \u00e0 nos horaires d&rsquo;ouverture du Lundi au Samedi de 11h \u00e0 14h30 ou le soir de 18h \u00e0 22h.<\/p>\n<p>Nous vous remercions d&rsquo;avance de nous pr\u00e9venir en cas de retard ou de d\u00e9sistement<\/p>\n\t<\/div>\n\t<div class=\"grid__item six-twelfths palm-one-whole\" >\n\t\t\n<h3>r\u00e9server en ligne<\/h3>\n<p>vous avez \u00e9galement la possibilit\u00e9 de r\u00e9server en ligne en cliquant sur le bouton ci dessous<\/p>\n<p style=\"text-align: center;\"><span class=\"glf-button-default glf-button reservation\" style='background-color:#334f66; color:#FFFFFF !important; font-weight:bold; font-size:18px; padding:15px; border-radius:3px; font-family:\"Arial\", sans-serif; '  data-glf-cuid=\"\" data-glf-ruid=\"31c33f3a-fec7-45c6-84b2-e4a2e8b3ee8f\" data-glf-reservation=\"true\" data-location=\"31c33f3a-fec7-45c6-84b2-e4a2e8b3ee8f\">R\u00e9servations<\/span><script src=\"https:\/\/www.fbgcdn.com\/embedder\/js\/ewm2.js\" defer async ><\/script><style> .glf-reservations-location > span{display:none;} <\/style>\n<p><strong data-start=\"157\" data-end=\"261\">Les r\u00e9servations en ligne doivent imp\u00e9rativement \u00eatre confirm\u00e9es par notre \u00e9quipe pour \u00eatre valides.<\/strong><br data-start=\"261\" data-end=\"264\" \/>Vous recevrez un SMS, un appel ou un e-mail de confirmation dans les plus brefs d\u00e9lais.<br data-start=\"353\" data-end=\"356\" \/>Sans confirmation de notre part, la r\u00e9servation n\u2019est pas garantie.<\/p>\n\t<\/div>\n\t<\/div>\n\n","protected":false},"excerpt":{"rendered":"<p>&nbsp; &nbsp;<\/p>\n","protected":false},"author":1,"featured_media":176,"parent":0,"menu_order":0,"comment_status":"closed","ping_status":"closed","template":"page-templates\/no-title.php","meta":{"footnotes":""},"class_list":["post-608","page","type-page","status-publish","has-post-thumbnail","hentry"],"yoast_head":"<!-- This site is optimized with the Yoast SEO plugin v27.4 - https:\/\/yoast.com\/product\/yoast-seo-wordpress\/ -->\n<title>Reservations - Restaurant type<\/title>\n<meta name=\"robots\" content=\"index, follow, max-snippet:-1, max-image-preview:large, max-video-preview:-1\" \/>\n<link rel=\"canonical\" href=\"https:\/\/alphabetinformatique-test.ovh\/index.php\/reservations\/\" \/>\n<meta property=\"og:locale\" content=\"fr_FR\" \/>\n<meta property=\"og:type\" content=\"article\" \/>\n<meta property=\"og:title\" content=\"Reservations - Restaurant type\" \/>\n<meta property=\"og:description\" content=\"&nbsp; &nbsp;\" \/>\n<meta property=\"og:url\" content=\"https:\/\/alphabetinformatique-test.ovh\/index.php\/reservations\/\" \/>\n<meta property=\"og:site_name\" content=\"Restaurant type\" \/>\n<meta property=\"article:modified_time\" content=\"2025-05-23T12:31:07+00:00\" \/>\n<meta property=\"og:image\" content=\"https:\/\/alphabetinformatique-test.ovh\/wp-content\/uploads\/2025\/05\/rosa-placeholder-2.jpg\" \/>\n\t<meta property=\"og:image:width\" content=\"1333\" \/>\n\t<meta property=\"og:image:height\" content=\"2000\" \/>\n\t<meta property=\"og:image:type\" content=\"image\/jpeg\" \/>\n<meta name=\"twitter:card\" content=\"summary_large_image\" \/>\n<meta name=\"twitter:label1\" content=\"Dur\u00e9e de lecture estim\u00e9e\" \/>\n\t<meta name=\"twitter:data1\" content=\"1 minute\" \/>\n<script type=\"application\/ld+json\" class=\"yoast-schema-graph\">{\"@context\":\"https:\\\/\\\/schema.org\",\"@graph\":[{\"@type\":\"WebPage\",\"@id\":\"https:\\\/\\\/alphabetinformatique-test.ovh\\\/index.php\\\/reservations\\\/\",\"url\":\"https:\\\/\\\/alphabetinformatique-test.ovh\\\/index.php\\\/reservations\\\/\",\"name\":\"Reservations - Restaurant type\",\"isPartOf\":{\"@id\":\"https:\\\/\\\/alphabetinformatique-test.ovh\\\/#website\"},\"primaryImageOfPage\":{\"@id\":\"https:\\\/\\\/alphabetinformatique-test.ovh\\\/index.php\\\/reservations\\\/#primaryimage\"},\"image\":{\"@id\":\"https:\\\/\\\/alphabetinformatique-test.ovh\\\/index.php\\\/reservations\\\/#primaryimage\"},\"thumbnailUrl\":\"https:\\\/\\\/alphabetinformatique-test.ovh\\\/wp-content\\\/uploads\\\/2025\\\/05\\\/rosa-placeholder-2.jpg\",\"datePublished\":\"2014-05-30T12:07:17+00:00\",\"dateModified\":\"2025-05-23T12:31:07+00:00\",\"breadcrumb\":{\"@id\":\"https:\\\/\\\/alphabetinformatique-test.ovh\\\/index.php\\\/reservations\\\/#breadcrumb\"},\"inLanguage\":\"fr-FR\",\"potentialAction\":[{\"@type\":\"ReadAction\",\"target\":[\"https:\\\/\\\/alphabetinformatique-test.ovh\\\/index.php\\\/reservations\\\/\"]}]},{\"@type\":\"ImageObject\",\"inLanguage\":\"fr-FR\",\"@id\":\"https:\\\/\\\/alphabetinformatique-test.ovh\\\/index.php\\\/reservations\\\/#primaryimage\",\"url\":\"https:\\\/\\\/alphabetinformatique-test.ovh\\\/wp-content\\\/uploads\\\/2025\\\/05\\\/rosa-placeholder-2.jpg\",\"contentUrl\":\"https:\\\/\\\/alphabetinformatique-test.ovh\\\/wp-content\\\/uploads\\\/2025\\\/05\\\/rosa-placeholder-2.jpg\",\"width\":1333,\"height\":2000},{\"@type\":\"BreadcrumbList\",\"@id\":\"https:\\\/\\\/alphabetinformatique-test.ovh\\\/index.php\\\/reservations\\\/#breadcrumb\",\"itemListElement\":[{\"@type\":\"ListItem\",\"position\":1,\"name\":\"Accueil\",\"item\":\"https:\\\/\\\/alphabetinformatique-test.ovh\\\/\"},{\"@type\":\"ListItem\",\"position\":2,\"name\":\"Reservations\"}]},{\"@type\":\"WebSite\",\"@id\":\"https:\\\/\\\/alphabetinformatique-test.ovh\\\/#website\",\"url\":\"https:\\\/\\\/alphabetinformatique-test.ovh\\\/\",\"name\":\"Restaurant type\",\"description\":\"\",\"publisher\":{\"@id\":\"https:\\\/\\\/alphabetinformatique-test.ovh\\\/#organization\"},\"potentialAction\":[{\"@type\":\"SearchAction\",\"target\":{\"@type\":\"EntryPoint\",\"urlTemplate\":\"https:\\\/\\\/alphabetinformatique-test.ovh\\\/?s={search_term_string}\"},\"query-input\":{\"@type\":\"PropertyValueSpecification\",\"valueRequired\":true,\"valueName\":\"search_term_string\"}}],\"inLanguage\":\"fr-FR\"},{\"@type\":\"Organization\",\"@id\":\"https:\\\/\\\/alphabetinformatique-test.ovh\\\/#organization\",\"name\":\"Restaurant type\",\"url\":\"https:\\\/\\\/alphabetinformatique-test.ovh\\\/\",\"logo\":{\"@type\":\"ImageObject\",\"inLanguage\":\"fr-FR\",\"@id\":\"https:\\\/\\\/alphabetinformatique-test.ovh\\\/#\\\/schema\\\/logo\\\/image\\\/\",\"url\":\"https:\\\/\\\/alphabetinformatique-test.ovh\\\/wp-content\\\/uploads\\\/2025\\\/05\\\/logo-rosa-white-2x.png\",\"contentUrl\":\"https:\\\/\\\/alphabetinformatique-test.ovh\\\/wp-content\\\/uploads\\\/2025\\\/05\\\/logo-rosa-white-2x.png\",\"width\":172,\"height\":56,\"caption\":\"Restaurant type\"},\"image\":{\"@id\":\"https:\\\/\\\/alphabetinformatique-test.ovh\\\/#\\\/schema\\\/logo\\\/image\\\/\"}}]}<\/script>\n<!-- \/ Yoast SEO plugin. -->","yoast_head_json":{"title":"Reservations - Restaurant type","robots":{"index":"index","follow":"follow","max-snippet":"max-snippet:-1","max-image-preview":"max-image-preview:large","max-video-preview":"max-video-preview:-1"},"canonical":"https:\/\/alphabetinformatique-test.ovh\/index.php\/reservations\/","og_locale":"fr_FR","og_type":"article","og_title":"Reservations - Restaurant type","og_description":"&nbsp; &nbsp;","og_url":"https:\/\/alphabetinformatique-test.ovh\/index.php\/reservations\/","og_site_name":"Restaurant type","article_modified_time":"2025-05-23T12:31:07+00:00","og_image":[{"width":1333,"height":2000,"url":"https:\/\/alphabetinformatique-test.ovh\/wp-content\/uploads\/2025\/05\/rosa-placeholder-2.jpg","type":"image\/jpeg"}],"twitter_card":"summary_large_image","twitter_misc":{"Dur\u00e9e de lecture estim\u00e9e":"1 minute"},"schema":{"@context":"https:\/\/schema.org","@graph":[{"@type":"WebPage","@id":"https:\/\/alphabetinformatique-test.ovh\/index.php\/reservations\/","url":"https:\/\/alphabetinformatique-test.ovh\/index.php\/reservations\/","name":"Reservations - Restaurant type","isPartOf":{"@id":"https:\/\/alphabetinformatique-test.ovh\/#website"},"primaryImageOfPage":{"@id":"https:\/\/alphabetinformatique-test.ovh\/index.php\/reservations\/#primaryimage"},"image":{"@id":"https:\/\/alphabetinformatique-test.ovh\/index.php\/reservations\/#primaryimage"},"thumbnailUrl":"https:\/\/alphabetinformatique-test.ovh\/wp-content\/uploads\/2025\/05\/rosa-placeholder-2.jpg","datePublished":"2014-05-30T12:07:17+00:00","dateModified":"2025-05-23T12:31:07+00:00","breadcrumb":{"@id":"https:\/\/alphabetinformatique-test.ovh\/index.php\/reservations\/#breadcrumb"},"inLanguage":"fr-FR","potentialAction":[{"@type":"ReadAction","target":["https:\/\/alphabetinformatique-test.ovh\/index.php\/reservations\/"]}]},{"@type":"ImageObject","inLanguage":"fr-FR","@id":"https:\/\/alphabetinformatique-test.ovh\/index.php\/reservations\/#primaryimage","url":"https:\/\/alphabetinformatique-test.ovh\/wp-content\/uploads\/2025\/05\/rosa-placeholder-2.jpg","contentUrl":"https:\/\/alphabetinformatique-test.ovh\/wp-content\/uploads\/2025\/05\/rosa-placeholder-2.jpg","width":1333,"height":2000},{"@type":"BreadcrumbList","@id":"https:\/\/alphabetinformatique-test.ovh\/index.php\/reservations\/#breadcrumb","itemListElement":[{"@type":"ListItem","position":1,"name":"Accueil","item":"https:\/\/alphabetinformatique-test.ovh\/"},{"@type":"ListItem","position":2,"name":"Reservations"}]},{"@type":"WebSite","@id":"https:\/\/alphabetinformatique-test.ovh\/#website","url":"https:\/\/alphabetinformatique-test.ovh\/","name":"Restaurant type","description":"","publisher":{"@id":"https:\/\/alphabetinformatique-test.ovh\/#organization"},"potentialAction":[{"@type":"SearchAction","target":{"@type":"EntryPoint","urlTemplate":"https:\/\/alphabetinformatique-test.ovh\/?s={search_term_string}"},"query-input":{"@type":"PropertyValueSpecification","valueRequired":true,"valueName":"search_term_string"}}],"inLanguage":"fr-FR"},{"@type":"Organization","@id":"https:\/\/alphabetinformatique-test.ovh\/#organization","name":"Restaurant type","url":"https:\/\/alphabetinformatique-test.ovh\/","logo":{"@type":"ImageObject","inLanguage":"fr-FR","@id":"https:\/\/alphabetinformatique-test.ovh\/#\/schema\/logo\/image\/","url":"https:\/\/alphabetinformatique-test.ovh\/wp-content\/uploads\/2025\/05\/logo-rosa-white-2x.png","contentUrl":"https:\/\/alphabetinformatique-test.ovh\/wp-content\/uploads\/2025\/05\/logo-rosa-white-2x.png","width":172,"height":56,"caption":"Restaurant type"},"image":{"@id":"https:\/\/alphabetinformatique-test.ovh\/#\/schema\/logo\/image\/"}}]}},"_links":{"self":[{"href":"https:\/\/alphabetinformatique-test.ovh\/index.php\/wp-json\/wp\/v2\/pages\/608","targetHints":{"allow":["GET"]}}],"collection":[{"href":"https:\/\/alphabetinformatique-test.ovh\/index.php\/wp-json\/wp\/v2\/pages"}],"about":[{"href":"https:\/\/alphabetinformatique-test.ovh\/index.php\/wp-json\/wp\/v2\/types\/page"}],"author":[{"embeddable":true,"href":"https:\/\/alphabetinformatique-test.ovh\/index.php\/wp-json\/wp\/v2\/users\/1"}],"replies":[{"embeddable":true,"href":"https:\/\/alphabetinformatique-test.ovh\/index.php\/wp-json\/wp\/v2\/comments?post=608"}],"version-history":[{"count":6,"href":"https:\/\/alphabetinformatique-test.ovh\/index.php\/wp-json\/wp\/v2\/pages\/608\/revisions"}],"predecessor-version":[{"id":827,"href":"https:\/\/alphabetinformatique-test.ovh\/index.php\/wp-json\/wp\/v2\/pages\/608\/revisions\/827"}],"wp:featuredmedia":[{"embeddable":true,"href":"https:\/\/alphabetinformatique-test.ovh\/index.php\/wp-json\/wp\/v2\/media\/176"}],"wp:attachment":[{"href":"https:\/\/alphabetinformatique-test.ovh\/index.php\/wp-json\/wp\/v2\/media?parent=608"}],"curies":[{"name":"wp","href":"https:\/\/api.w.org\/{rel}","templated":true}]}}